{"id":13,"date":"2016-04-18T20:15:19","date_gmt":"2016-04-18T20:15:19","guid":{"rendered":"http:\/\/duftstein.ch\/?page_id=13"},"modified":"2016-12-20T22:01:16","modified_gmt":"2016-12-20T22:01:16","slug":"ueber-mich","status":"publish","type":"page","link":"https:\/\/www.duftstein.ch\/","title":{"rendered":"Duftsteine"},"content":{"rendered":"<h3>Wollten Sie schon immer ein spezielles Geschenk?<\/h3>\n<p>F\u00fcr Anl\u00e4sse wie Geburt oder Geburtstag sind Dufsteine ein besonderes und pers\u00f6nliches Geschenk, das man so schnell nicht vergisst.<br \/>\nDann schauen sie meine <a href=\"https:\/\/www.duftstein.ch\/?page_id=147\">Produkte<\/a> an und sehen Sie selbst, was alles m\u00f6glich ist.<\/p>\n","protected":false},"excerpt":{"rendered":"<p>Wollten Sie schon immer ein spezielles Geschenk? F\u00fcr Anl\u00e4sse wie Geburt oder Geburtstag sind Dufsteine ein besonderes und pers\u00f6nliches Geschenk, das man so schnell nicht vergisst. Dann schauen sie meine Produkte an und sehen Sie[&#8230;]<\/p>\n","protected":false},"author":1,"featured_media":0,"parent":0,"menu_order":0,"comment_status":"closed","ping_status":"closed","template":"","meta":{"footnotes":""},"class_list":["post-13","page","type-page","status-publish","hentry"],"_links":{"self":[{"href":"https:\/\/www.duftstein.ch\/index.php?rest_route=\/wp\/v2\/pages\/13","targetHints":{"allow":["GET"]}}],"collection":[{"href":"https:\/\/www.duftstein.ch\/index.php?rest_route=\/wp\/v2\/pages"}],"about":[{"href":"https:\/\/www.duftstein.ch\/index.php?rest_route=\/wp\/v2\/types\/page"}],"author":[{"embeddable":true,"href":"https:\/\/www.duftstein.ch\/index.php?rest_route=\/wp\/v2\/users\/1"}],"replies":[{"embeddable":true,"href":"https:\/\/www.duftstein.ch\/index.php?rest_route=%2Fwp%2Fv2%2Fcomments&post=13"}],"version-history":[{"count":14,"href":"https:\/\/www.duftstein.ch\/index.php?rest_route=\/wp\/v2\/pages\/13\/revisions"}],"predecessor-version":[{"id":301,"href":"https:\/\/www.duftstein.ch\/index.php?rest_route=\/wp\/v2\/pages\/13\/revisions\/301"}],"wp:attachment":[{"href":"https:\/\/www.duftstein.ch\/index.php?rest_route=%2Fwp%2Fv2%2Fmedia&parent=13"}],"curies":[{"name":"wp","href":"https:\/\/api.w.org\/{rel}","templated":true}]}}